{"id":37,"date":"2015-11-04T11:35:04","date_gmt":"2015-11-04T10:35:04","guid":{"rendered":"http:\/\/www.schweizer-architektur.ch\/aweb0\/?page_id=37"},"modified":"2024-08-03T15:12:49","modified_gmt":"2024-08-03T13:12:49","slug":"profil","status":"publish","type":"page","link":"https:\/\/schweizer-architektur.ch\/aweb0\/profil\/","title":{"rendered":"Schweizer Architektur Basel | Profil"},"content":{"rendered":"<p>[et_pb_section admin_label=&#8220;section&#8220;][et_pb_row admin_label=&#8220;row&#8220;][et_pb_column type=&#8220;1_3&#8243;][et_pb_image admin_label=&#8220;Bild&#8220; src=&#8220;https:\/\/schweizer-architektur.ch\/aweb0\/wp-content\/uploads\/nschweizer_prof.jpg&#8220; show_in_lightbox=&#8220;off&#8220; url_new_window=&#8220;off&#8220; animation=&#8220;left&#8220; sticky=&#8220;off&#8220; align=&#8220;left&#8220; force_fullwidth=&#8220;off&#8220; always_center_on_mobile=&#8220;on&#8220; use_border_color=&#8220;off&#8220; border_color=&#8220;#ffffff&#8220; border_style=&#8220;solid&#8220;]<\/p>\n<p>[\/et_pb_image][\/et_pb_column][et_pb_column type=&#8220;2_3&#8243;][et_pb_text admin_label=&#8220;Text&#8220; background_layout=&#8220;light&#8220; text_orientation=&#8220;left&#8220; text_font_size=&#8220;14&#8243; use_border_color=&#8220;off&#8220; border_color=&#8220;#ffffff&#8220; border_style=&#8220;solid&#8220;]<\/p>\n<h3>NICOLE SCHWEIZER<\/h3>\n<p>&nbsp;<\/p>\n<ul>\n<li>Schweizer Architektur (2014)<\/li>\n<li>Mitarbeit im Architekturb\u00fcro Salzmann Architekten\u00a0 von Peter Salzmann Dipl. Arch. ETH\/SIA in Othmarsingen AG (2006-2014)<\/li>\n<li>Mitarbeit im Architekturb\u00fcro Prowibau AG von Helmut Buck Arch. HBK\/\/SIA\/OTIA in Minusio TI\u00a0 (2001-2006)<\/li>\n<li>Diplom an der Technischen Universti\u00e4t M\u00fcnchen (2001)<\/li>\n<li>Architekturstudium an der Technischen Universit\u00e4t M\u00fcnchen (1995)<\/li>\n<\/ul>\n<p>Schweizer Architektur bearbeitet f\u00fcr seine Bauherren das gesamte Leistungsspektrum gem\u00e4ss SIA Honorarordnung f\u00fcr Architekten.<\/p>\n<p>Von der Grundlagenermittlung, Projektplanung \u00fcber das Bewilligungsverfahren, die Ausf\u00fchrungsplanung, Ausschreibung bis hin zur Bauleitung und Kostenkontrolle bieten wir Projekte aus einer Hand.<\/p>\n<p>Spezielle Leistungen, die ausserhalb unserer Kompetenzen liegen, erbringen wir mit kompetenten Partnern und Ingenieuren aus Industrie und Handwerk.<\/p>\n<p><strong>Schwerpunkt<\/strong><br \/>\nBedarfsplanung, Bestandsanalysen, Machbarkeitsstudien, Wohnh\u00e4user, Sanierungen, Umbauten, Gewerbebauten, Innenarchitektur und Konzepte f\u00fcr Aussenr\u00e4ume und Gartengestaltung<\/p>\n<p>[\/et_pb_text][\/et_pb_column][\/et_pb_row][\/et_pb_section]<\/p>\n","protected":false},"excerpt":{"rendered":"<p>NICOLE SCHWEIZER &nbsp; Schweizer Architektur (2014) Mitarbeit im Architekturb\u00fcro Salzmann Architekten\u00a0 von Peter Salzmann Dipl. Arch. ETH\/SIA in Othmarsingen AG (2006-2014) Mitarbeit im Architekturb\u00fcro Prowibau AG von Helmut Buck Arch. HBK\/\/SIA\/OTIA in Minusio TI\u00a0 (2001-2006) Diplom an der Technischen Universti\u00e4t M\u00fcnchen (2001) Architekturstudium an der Technischen Universit\u00e4t M\u00fcnchen (1995) Schweizer Architektur bearbeitet f\u00fcr seine Bauherren [&hellip;]<\/p>\n","protected":false},"author":1,"featured_media":0,"parent":0,"menu_order":40,"comment_status":"closed","ping_status":"closed","template":"","meta":{"_et_pb_use_builder":"on","_et_pb_old_content":"","_et_gb_content_width":"","footnotes":""},"class_list":["post-37","page","type-page","status-publish","hentry"],"_links":{"self":[{"href":"https:\/\/schweizer-architektur.ch\/aweb0\/wp-json\/wp\/v2\/pages\/37"}],"collection":[{"href":"https:\/\/schweizer-architektur.ch\/aweb0\/wp-json\/wp\/v2\/pages"}],"about":[{"href":"https:\/\/schweizer-architektur.ch\/aweb0\/wp-json\/wp\/v2\/types\/page"}],"author":[{"embeddable":true,"href":"https:\/\/schweizer-architektur.ch\/aweb0\/wp-json\/wp\/v2\/users\/1"}],"replies":[{"embeddable":true,"href":"https:\/\/schweizer-architektur.ch\/aweb0\/wp-json\/wp\/v2\/comments?post=37"}],"version-history":[{"count":4,"href":"https:\/\/schweizer-architektur.ch\/aweb0\/wp-json\/wp\/v2\/pages\/37\/revisions"}],"predecessor-version":[{"id":364,"href":"https:\/\/schweizer-architektur.ch\/aweb0\/wp-json\/wp\/v2\/pages\/37\/revisions\/364"}],"wp:attachment":[{"href":"https:\/\/schweizer-architektur.ch\/aweb0\/wp-json\/wp\/v2\/media?parent=37"}],"curies":[{"name":"wp","href":"https:\/\/api.w.org\/{rel}","templated":true}]}}